{"id":5242,"date":"2024-11-28T15:44:11","date_gmt":"2024-11-28T14:44:11","guid":{"rendered":"https:\/\/aircobrabant.nl\/?post_type=product&#038;p=5242"},"modified":"2025-12-15T11:16:55","modified_gmt":"2025-12-15T10:16:55","slug":"daikin-perfera-ftxm-25-a","status":"publish","type":"product","link":"https:\/\/aircobrabant.nl\/en\/product\/daikin-perfera-ftxm-25-a\/","title":{"rendered":"Daikin Perfera FTXM 25 A"},"content":{"rendered":"<p><strong>Single split: 1 outdoor unit + 1 indoor unit<\/strong><\/p>\n<p>The Daikin Perfera Wall-mounted model is the choice for those looking for comfort, efficiency and innovation in one stylish unit. This advanced air conditioner offers more than just cooling or heating; it is a complete solution for a healthy and pleasant indoor climate. As standard, the Perfera is equipped with a motion sensor, an air purification function and a heat boost function. You can operate it with the included infrared remote control or remotely via the built-in Wi-Fi controller.<\/p>","protected":false},"featured_media":5790,"parent":0,"template":"","merk":[149],"model":[143],"airco_ruimte":[191,188,189,190],"soort-airco":[145],"class_list":["post-5242","product","type-product","status-publish","has-post-thumbnail","hentry","merk-daikin","model-wandmodel","airco_ruimte-kantoor-airco","airco_ruimte-slaapkamer-airco","airco_ruimte-werkkamer-airco","airco_ruimte-zolder-airco","soort-airco-single-split"],"acf":{"serie":"Daikin Perfera FTXM","capaciteit":2.5,"oppervlakte":29,"kleur":["Wit"],"energielabel-koelen":["A+++"],"verwarmenkoelen":["Koelen","Verwarmen"],"luchtreiniger":true,"Wifi":["ja"],"koudemiddel":["R32"],"garantie":"1\/2 jaar","prijs":"2565 Incl. montage en btw","hoogte_binnenunit":298,"breedte_binnenunit":804,"diepte_binnenunit":252,"aantal_ruimtes":["1"],"folder":4901,"Extra_fotos":[3158,3626,3631,3640,4649,4651,5268,5276,5275]},"yoast_head":"<!-- This site is optimized with the Yoast SEO Premium plugin v27.1 (Yoast SEO v27.3) - https:\/\/yoast.com\/product\/yoast-seo-premium-wordpress\/ -->\n<title>Daikin Perfera FTXM 25 A: Comfort en Effici\u00ebntie in \u00e9\u00e9n Unit - Aircobrabant<\/title>\n<meta name=\"description\" content=\"Ervaar het ultieme comfort van de Daikin Perfera FTXM 25 A. Verkoeling, verwarming, luchtreiniging en meer in \u00e9\u00e9n stijlvolle unit.\" \/>\n<meta name=\"robots\" content=\"index, follow, max-snippet:-1, max-image-preview:large, max-video-preview:-1\" \/>\n<link rel=\"canonical\" href=\"https:\/\/aircobrabant.nl\/en\/product\/daikin-perfera-ftxm-25-a\/\" \/>\n<meta property=\"og:locale\" content=\"en_GB\" \/>\n<meta property=\"og:type\" content=\"article\" \/>\n<meta property=\"og:title\" content=\"Daikin Perfera FTXM 25 A\" \/>\n<meta property=\"og:description\" content=\"Ervaar het ultieme comfort van de Daikin Perfera FTXM 25 A. Verkoeling, verwarming, luchtreiniging en meer in \u00e9\u00e9n stijlvolle unit.\" \/>\n<meta property=\"og:url\" content=\"https:\/\/aircobrabant.nl\/en\/product\/daikin-perfera-ftxm-25-a\/\" \/>\n<meta property=\"og:site_name\" content=\"Aircobrabant\" \/>\n<meta property=\"article:publisher\" content=\"https:\/\/www.facebook.com\/Aircobrabant-153256361441229\/\" \/>\n<meta property=\"article:modified_time\" content=\"2025-12-15T10:16:55+00:00\" \/>\n<meta property=\"og:image\" content=\"https:\/\/aircobrabant.nl\/wp-content\/uploads\/perfera-1.jpg\" \/>\n\t<meta property=\"og:image:width\" content=\"1000\" \/>\n\t<meta property=\"og:image:height\" content=\"1000\" \/>\n\t<meta property=\"og:image:type\" content=\"image\/jpeg\" \/>\n<meta name=\"twitter:card\" content=\"summary_large_image\" \/>\n<meta name=\"twitter:label1\" content=\"Estimated reading time\" \/>\n\t<meta name=\"twitter:data1\" content=\"3 minutes\" \/>\n<script type=\"application\/ld+json\" class=\"yoast-schema-graph\">{\"@context\":\"https:\\\/\\\/schema.org\",\"@graph\":[{\"@type\":\"WebPage\",\"@id\":\"https:\\\/\\\/aircobrabant.nl\\\/product\\\/daikin-perfera-ftxm-25-a\\\/\",\"url\":\"https:\\\/\\\/aircobrabant.nl\\\/product\\\/daikin-perfera-ftxm-25-a\\\/\",\"name\":\"Daikin Perfera FTXM 25 A: Comfort en Effici\u00ebntie in \u00e9\u00e9n Unit - Aircobrabant\",\"isPartOf\":{\"@id\":\"https:\\\/\\\/aircobrabant.nl\\\/#website\"},\"primaryImageOfPage\":{\"@id\":\"https:\\\/\\\/aircobrabant.nl\\\/product\\\/daikin-perfera-ftxm-25-a\\\/#primaryimage\"},\"image\":{\"@id\":\"https:\\\/\\\/aircobrabant.nl\\\/product\\\/daikin-perfera-ftxm-25-a\\\/#primaryimage\"},\"thumbnailUrl\":\"https:\\\/\\\/aircobrabant.nl\\\/wp-content\\\/uploads\\\/perfera-1.jpg\",\"datePublished\":\"2024-11-28T14:44:11+00:00\",\"dateModified\":\"2025-12-15T10:16:55+00:00\",\"description\":\"Ervaar het ultieme comfort van de Daikin Perfera FTXM 25 A. Verkoeling, verwarming, luchtreiniging en meer in \u00e9\u00e9n stijlvolle unit.\",\"breadcrumb\":{\"@id\":\"https:\\\/\\\/aircobrabant.nl\\\/product\\\/daikin-perfera-ftxm-25-a\\\/#breadcrumb\"},\"inLanguage\":\"en-GB\",\"potentialAction\":[{\"@type\":\"ReadAction\",\"target\":[\"https:\\\/\\\/aircobrabant.nl\\\/product\\\/daikin-perfera-ftxm-25-a\\\/\"]}]},{\"@type\":\"ImageObject\",\"inLanguage\":\"en-GB\",\"@id\":\"https:\\\/\\\/aircobrabant.nl\\\/product\\\/daikin-perfera-ftxm-25-a\\\/#primaryimage\",\"url\":\"https:\\\/\\\/aircobrabant.nl\\\/wp-content\\\/uploads\\\/perfera-1.jpg\",\"contentUrl\":\"https:\\\/\\\/aircobrabant.nl\\\/wp-content\\\/uploads\\\/perfera-1.jpg\",\"width\":1000,\"height\":1000,\"caption\":\"Klik afbeelding voor meer informatie\"},{\"@type\":\"BreadcrumbList\",\"@id\":\"https:\\\/\\\/aircobrabant.nl\\\/product\\\/daikin-perfera-ftxm-25-a\\\/#breadcrumb\",\"itemListElement\":[{\"@type\":\"ListItem\",\"position\":1,\"name\":\"Home\",\"item\":\"https:\\\/\\\/aircobrabant.nl\\\/\"},{\"@type\":\"ListItem\",\"position\":2,\"name\":\"Producten\",\"item\":\"https:\\\/\\\/aircobrabant.nl\\\/airco-overzicht\\\/\"},{\"@type\":\"ListItem\",\"position\":3,\"name\":\"Daikin Perfera FTXM 25 A\"}]},{\"@type\":\"WebSite\",\"@id\":\"https:\\\/\\\/aircobrabant.nl\\\/#website\",\"url\":\"https:\\\/\\\/aircobrabant.nl\\\/\",\"name\":\"Aircobrabant\",\"description\":\"Airco specialist regio Eindhoven\",\"publisher\":{\"@id\":\"https:\\\/\\\/aircobrabant.nl\\\/#organization\"},\"alternateName\":\"Airco specialist regio Eindhoven\",\"potentialAction\":[{\"@type\":\"SearchAction\",\"target\":{\"@type\":\"EntryPoint\",\"urlTemplate\":\"https:\\\/\\\/aircobrabant.nl\\\/?s={search_term_string}\"},\"query-input\":{\"@type\":\"PropertyValueSpecification\",\"valueRequired\":true,\"valueName\":\"search_term_string\"}}],\"inLanguage\":\"en-GB\"},{\"@type\":\"Organization\",\"@id\":\"https:\\\/\\\/aircobrabant.nl\\\/#organization\",\"name\":\"Aircobrabant BV\",\"alternateName\":\"Airco specialist regio Eindhoven\",\"url\":\"https:\\\/\\\/aircobrabant.nl\\\/\",\"logo\":{\"@type\":\"ImageObject\",\"inLanguage\":\"en-GB\",\"@id\":\"https:\\\/\\\/aircobrabant.nl\\\/#\\\/schema\\\/logo\\\/image\\\/\",\"url\":\"https:\\\/\\\/aircobrabant.nl\\\/wp-content\\\/uploads\\\/cropped-fav-1.gif\",\"contentUrl\":\"https:\\\/\\\/aircobrabant.nl\\\/wp-content\\\/uploads\\\/cropped-fav-1.gif\",\"width\":512,\"height\":512,\"caption\":\"Aircobrabant BV\"},\"image\":{\"@id\":\"https:\\\/\\\/aircobrabant.nl\\\/#\\\/schema\\\/logo\\\/image\\\/\"},\"sameAs\":[\"https:\\\/\\\/www.facebook.com\\\/Aircobrabant-153256361441229\\\/\",\"https:\\\/\\\/www.linkedin.com\\\/company\\\/aircobrabant\\\/about\\\/\",\"https:\\\/\\\/www.instagram.com\\\/aircobrabant\\\/profilecard\\\/?igsh=dTQ5azhodjFsMnFk\"],\"description\":\"De Airco specialist regio Eindhoven \u2013 Particulieren & Bedrijven Ervaar het comfort van een geoptimaliseerd aircosysteem dat uw woning en bedrijf het hele jaar door aangenaam houdt. Of het nu gaat om het koelen van uw kantoor in de zomer of uw huis verwarmen met airco in de winter, onze airco-oplossingen zorgen met de expertise van een Airco specialist) voor comfort \u00e9n besparing op uw energiekosten.\",\"email\":\"info@aircobrabant.nl\",\"telephone\":\"040-2366710\",\"legalName\":\"Aircobrabant BV\",\"foundingDate\":\"2019-06-27\",\"numberOfEmployees\":{\"@type\":\"QuantitativeValue\",\"minValue\":\"11\",\"maxValue\":\"50\"}}]}<\/script>\n<!-- \/ Yoast SEO Premium plugin. -->","yoast_head_json":{"title":"Daikin Perfera FTXM 25 A: Comfort and Efficiency in one Unit - Aircobrabant","description":"Experience the ultimate comfort of the Daikin Perfera FTXM 25 A. Cooling, heating, air purification and more in one stylish unit.","robots":{"index":"index","follow":"follow","max-snippet":"max-snippet:-1","max-image-preview":"max-image-preview:large","max-video-preview":"max-video-preview:-1"},"canonical":"https:\/\/aircobrabant.nl\/en\/product\/daikin-perfera-ftxm-25-a\/","og_locale":"en_GB","og_type":"article","og_title":"Daikin Perfera FTXM 25 A","og_description":"Ervaar het ultieme comfort van de Daikin Perfera FTXM 25 A. Verkoeling, verwarming, luchtreiniging en meer in \u00e9\u00e9n stijlvolle unit.","og_url":"https:\/\/aircobrabant.nl\/en\/product\/daikin-perfera-ftxm-25-a\/","og_site_name":"Aircobrabant","article_publisher":"https:\/\/www.facebook.com\/Aircobrabant-153256361441229\/","article_modified_time":"2025-12-15T10:16:55+00:00","og_image":[{"width":1000,"height":1000,"url":"https:\/\/aircobrabant.nl\/wp-content\/uploads\/perfera-1.jpg","type":"image\/jpeg"}],"twitter_card":"summary_large_image","twitter_misc":{"Estimated reading time":"3 minutes"},"schema":{"@context":"https:\/\/schema.org","@graph":[{"@type":"WebPage","@id":"https:\/\/aircobrabant.nl\/product\/daikin-perfera-ftxm-25-a\/","url":"https:\/\/aircobrabant.nl\/product\/daikin-perfera-ftxm-25-a\/","name":"Daikin Perfera FTXM 25 A: Comfort and Efficiency in one Unit - Aircobrabant","isPartOf":{"@id":"https:\/\/aircobrabant.nl\/#website"},"primaryImageOfPage":{"@id":"https:\/\/aircobrabant.nl\/product\/daikin-perfera-ftxm-25-a\/#primaryimage"},"image":{"@id":"https:\/\/aircobrabant.nl\/product\/daikin-perfera-ftxm-25-a\/#primaryimage"},"thumbnailUrl":"https:\/\/aircobrabant.nl\/wp-content\/uploads\/perfera-1.jpg","datePublished":"2024-11-28T14:44:11+00:00","dateModified":"2025-12-15T10:16:55+00:00","description":"Experience the ultimate comfort of the Daikin Perfera FTXM 25 A. Cooling, heating, air purification and more in one stylish unit.","breadcrumb":{"@id":"https:\/\/aircobrabant.nl\/product\/daikin-perfera-ftxm-25-a\/#breadcrumb"},"inLanguage":"en-GB","potentialAction":[{"@type":"ReadAction","target":["https:\/\/aircobrabant.nl\/product\/daikin-perfera-ftxm-25-a\/"]}]},{"@type":"ImageObject","inLanguage":"en-GB","@id":"https:\/\/aircobrabant.nl\/product\/daikin-perfera-ftxm-25-a\/#primaryimage","url":"https:\/\/aircobrabant.nl\/wp-content\/uploads\/perfera-1.jpg","contentUrl":"https:\/\/aircobrabant.nl\/wp-content\/uploads\/perfera-1.jpg","width":1000,"height":1000,"caption":"Klik afbeelding voor meer informatie"},{"@type":"BreadcrumbList","@id":"https:\/\/aircobrabant.nl\/product\/daikin-perfera-ftxm-25-a\/#breadcrumb","itemListElement":[{"@type":"ListItem","position":1,"name":"Home","item":"https:\/\/aircobrabant.nl\/"},{"@type":"ListItem","position":2,"name":"Producten","item":"https:\/\/aircobrabant.nl\/airco-overzicht\/"},{"@type":"ListItem","position":3,"name":"Daikin Perfera FTXM 25 A"}]},{"@type":"WebSite","@id":"https:\/\/aircobrabant.nl\/#website","url":"https:\/\/aircobrabant.nl\/","name":"Aircobrabant","description":"Air conditioning specialist Eindhoven region","publisher":{"@id":"https:\/\/aircobrabant.nl\/#organization"},"alternateName":"Airco specialist regio Eindhoven","potentialAction":[{"@type":"SearchAction","target":{"@type":"EntryPoint","urlTemplate":"https:\/\/aircobrabant.nl\/?s={search_term_string}"},"query-input":{"@type":"PropertyValueSpecification","valueRequired":true,"valueName":"search_term_string"}}],"inLanguage":"en-GB"},{"@type":"Organization","@id":"https:\/\/aircobrabant.nl\/#organization","name":"Aircobrabant BV","alternateName":"Airco specialist regio Eindhoven","url":"https:\/\/aircobrabant.nl\/","logo":{"@type":"ImageObject","inLanguage":"en-GB","@id":"https:\/\/aircobrabant.nl\/#\/schema\/logo\/image\/","url":"https:\/\/aircobrabant.nl\/wp-content\/uploads\/cropped-fav-1.gif","contentUrl":"https:\/\/aircobrabant.nl\/wp-content\/uploads\/cropped-fav-1.gif","width":512,"height":512,"caption":"Aircobrabant BV"},"image":{"@id":"https:\/\/aircobrabant.nl\/#\/schema\/logo\/image\/"},"sameAs":["https:\/\/www.facebook.com\/Aircobrabant-153256361441229\/","https:\/\/www.linkedin.com\/company\/aircobrabant\/about\/","https:\/\/www.instagram.com\/aircobrabant\/profilecard\/?igsh=dTQ5azhodjFsMnFk"],"description":"The Airco specialist Eindhoven region - Individuals &amp; Businesses Experience the comfort of an optimised airco system that keeps your home and business pleasant all year round. Whether it is cooling your office in summer or heating your home with air conditioning in winter, our air conditioning solutions with the expertise of an air conditioning specialist) ensure comfort and savings on your energy costs.","email":"info@aircobrabant.nl","telephone":"040-2366710","legalName":"Aircobrabant BV","foundingDate":"2019-06-27","numberOfEmployees":{"@type":"QuantitativeValue","minValue":"11","maxValue":"50"}}]}},"_links":{"self":[{"href":"https:\/\/aircobrabant.nl\/en\/wp-json\/wp\/v2\/product\/5242","targetHints":{"allow":["GET"]}}],"collection":[{"href":"https:\/\/aircobrabant.nl\/en\/wp-json\/wp\/v2\/product"}],"about":[{"href":"https:\/\/aircobrabant.nl\/en\/wp-json\/wp\/v2\/types\/product"}],"acf:attachment":[{"embeddable":true,"href":"https:\/\/aircobrabant.nl\/en\/wp-json\/wp\/v2\/media\/5275"},{"embeddable":true,"href":"https:\/\/aircobrabant.nl\/en\/wp-json\/wp\/v2\/media\/5276"},{"embeddable":true,"href":"https:\/\/aircobrabant.nl\/en\/wp-json\/wp\/v2\/media\/5268"},{"embeddable":true,"href":"https:\/\/aircobrabant.nl\/en\/wp-json\/wp\/v2\/media\/4651"},{"embeddable":true,"href":"https:\/\/aircobrabant.nl\/en\/wp-json\/wp\/v2\/media\/4649"},{"embeddable":true,"href":"https:\/\/aircobrabant.nl\/en\/wp-json\/wp\/v2\/media\/3640"},{"embeddable":true,"href":"https:\/\/aircobrabant.nl\/en\/wp-json\/wp\/v2\/media\/3631"},{"embeddable":true,"href":"https:\/\/aircobrabant.nl\/en\/wp-json\/wp\/v2\/media\/3626"},{"embeddable":true,"href":"https:\/\/aircobrabant.nl\/en\/wp-json\/wp\/v2\/media\/3158"}],"wp:featuredmedia":[{"embeddable":true,"href":"https:\/\/aircobrabant.nl\/en\/wp-json\/wp\/v2\/media\/5790"}],"wp:attachment":[{"href":"https:\/\/aircobrabant.nl\/en\/wp-json\/wp\/v2\/media?parent=5242"}],"wp:term":[{"taxonomy":"merk","embeddable":true,"href":"https:\/\/aircobrabant.nl\/en\/wp-json\/wp\/v2\/merk?post=5242"},{"taxonomy":"model","embeddable":true,"href":"https:\/\/aircobrabant.nl\/en\/wp-json\/wp\/v2\/model?post=5242"},{"taxonomy":"airco_ruimte","embeddable":true,"href":"https:\/\/aircobrabant.nl\/en\/wp-json\/wp\/v2\/airco_ruimte?post=5242"},{"taxonomy":"soort-airco","embeddable":true,"href":"https:\/\/aircobrabant.nl\/en\/wp-json\/wp\/v2\/soort-airco?post=5242"}],"curies":[{"name":"wp","href":"https:\/\/api.w.org\/{rel}","templated":true}]}}